{"id":4381,"date":"2023-03-24T18:36:40","date_gmt":"2023-03-24T22:36:40","guid":{"rendered":"https:\/\/otsotm.com\/pianovertu\/?post_type=product&#038;p=4381"},"modified":"2023-09-20T17:41:46","modified_gmt":"2023-09-20T21:41:46","slug":"academy-a-6","status":"publish","type":"product","link":"https:\/\/pianovertu.com\/cn\/product\/academy-a-6\/","title":{"rendered":"C.\u8d1d\u5e0c\u65af\u5766\u5b66\u9662 | A6"},"content":{"rendered":"<div data-elementor-type=\"wp-post\" data-elementor-id=\"4381\" class=\"elementor elementor-4381\" data-elementor-post-type=\"product\">\n\t\t\t\t\t\t<section class=\"elementor-section elementor-top-section elementor-element elementor-element-9ad225c elementor-section-boxed elementor-section-height-default elementor-section-height-default\" data-id=\"9ad225c\" data-element_type=\"section\">\n\t\t\t\t\t\t<div class=\"elementor-container elementor-column-gap-default\">\n\t\t\t\t\t<div class=\"elementor-column elementor-col-100 elementor-top-column elementor-element elementor-element-6306e3e2\" data-id=\"6306e3e2\" data-element_type=\"column\">\n\t\t\t<div class=\"elementor-widget-wrap elementor-element-populated\">\n\t\t\t\t\t\t<div class=\"elementor-element elementor-element-d52e19c elementor-widget elementor-widget-image\" data-id=\"d52e19c\" data-element_type=\"widget\" data-widget_type=\"image.default\">\n\t\t\t\t<div class=\"elementor-widget-container\">\n\t\t\t\t\t\t\t\t\t\t\t\t\t\t\t<img fetchpriority=\"high\" decoding=\"async\" width=\"1024\" height=\"724\" src=\"https:\/\/pianovertu.com\/wp-content\/uploads\/2023\/03\/CBA_A6_black_livingroom_vertical-1024x724.jpg\" class=\"attachment-large size-large wp-image-6645\" alt=\"Piano droit C. Bechstein Academy A6 chez Piano Vertu\" srcset=\"https:\/\/pianovertu.com\/wp-content\/uploads\/2023\/03\/CBA_A6_black_livingroom_vertical-1024x724.jpg 1024w, https:\/\/pianovertu.com\/wp-content\/uploads\/2023\/03\/CBA_A6_black_livingroom_vertical-300x212.jpg 300w, https:\/\/pianovertu.com\/wp-content\/uploads\/2023\/03\/CBA_A6_black_livingroom_vertical-768x543.jpg 768w, https:\/\/pianovertu.com\/wp-content\/uploads\/2023\/03\/CBA_A6_black_livingroom_vertical-1536x1086.jpg 1536w, https:\/\/pianovertu.com\/wp-content\/uploads\/2023\/03\/CBA_A6_black_livingroom_vertical-2048x1447.jpg 2048w, https:\/\/pianovertu.com\/wp-content\/uploads\/2023\/03\/CBA_A6_black_livingroom_vertical-18x12.jpg 18w, https:\/\/pianovertu.com\/wp-content\/uploads\/2023\/03\/CBA_A6_black_livingroom_vertical-1300x919.jpg 1300w\" sizes=\"(max-width: 1024px) 100vw, 1024px\" \/>\t\t\t\t\t\t\t\t\t\t\t\t\t\t\t<\/div>\n\t\t\t\t<\/div>\n\t\t\t\t<div class=\"elementor-element elementor-element-58c4b1f5 elementor-widget elementor-widget-text-editor\" data-id=\"58c4b1f5\" data-element_type=\"widget\" data-widget_type=\"text-editor.default\">\n\t\t\t\t<div class=\"elementor-widget-container\">\n\t\t\t\t\t\t\t\t\t<h3 style=\"text-align: center;\"><b>C. \u8d1d\u5e0c\u65af\u5766\u5b66\u9662\u8d1d\u5e0c\u65af\u5766\u5b66\u9662 A 6<\/b><\/h3><p style=\"text-align: center;\">\u8d1d\u5e0c\u65af\u5766\u5b66\u9662\u7687\u51a0\u4e0a\u7684\u660e\u73e0\uff0c\u5982\u4eca\u66f4\u52a0\u5dcd\u5ce8\u58ee\u89c2<\/p><p style=\"text-align: center;\">\u7531\u4e8e\u91c7\u7528\u4e86\u65b0\u7684\u58f0\u5b66\u7cfb\u7edf\u548c\u7cbe\u826f\u7684\u673a\u68b0\u7ed3\u6784\uff0c\u6211\u4eec\u7ecf\u5178\u7684 Academy A 124 \u7684\u540e\u7ee7\u8005\u62e5\u6709\u4e86\u66f4\u4ee4\u4eba\u5370\u8c61\u6df1\u523b\u7684\u97f3\u8d28\u548c\u97f3\u91cf\u3002<\/p><p style=\"text-align: center;\">\u901a\u8fc7\u5927\u5e45\u5ef6\u957f\u5171\u632f\u5f26\u7684\u6700\u5927\u957f\u5ea6\u548c\u4f18\u5316\u94f8\u94c1\u677f\u7684\u8bbe\u8ba1\uff0c\u5171\u632f\u7bb1\u7684\u51e0\u4f55\u5f62\u72b6\u5f97\u5230\u4e86\u8fdb\u4e00\u6b65\u6539\u8fdb\uff0c\u6a2a\u6881\u7684\u8f6e\u5ed3\u4e5f\u5f97\u5230\u4e86\u8c03\u6574\uff0c\u4ece\u800c\u5b9e\u73b0\u4e86\u66f4\u5f3a\u70c8\u7684\u632f\u52a8\u518d\u73b0\u3002<\/p><p style=\"text-align: center;\">\u8fd9\u4f7f\u5f97\u6d41\u884c\u7684\u3001\u5177\u6709\u53e4\u5178\u5143\u7d20\u7684\u73b0\u4ee3\u7434\u8eab\u9020\u578b\u80fd\u591f\u5b9e\u73b0\u6700\u5927\u7684\u97f3\u6548\u548c\u97f3\u91cf\u3002<\/p>\t\t\t\t\t\t\t\t<\/div>\n\t\t\t\t<\/div>\n\t\t\t\t<div class=\"elementor-element elementor-element-513eafe elementor-widget-divider--view-line elementor-widget elementor-widget-divider\" data-id=\"513eafe\" data-element_type=\"widget\" data-widget_type=\"divider.default\">\n\t\t\t\t<div class=\"elementor-widget-container\">\n\t\t\t\t\t\t\t<div class=\"elementor-divider\">\n\t\t\t<span class=\"elementor-divider-separator\">\n\t\t\t\t\t\t<\/span>\n\t\t<\/div>\n\t\t\t\t\t\t<\/div>\n\t\t\t\t<\/div>\n\t\t\t\t\t<\/div>\n\t\t<\/div>\n\t\t\t\t\t<\/div>\n\t\t<\/section>\n\t\t\t\t<section class=\"elementor-section elementor-top-section elementor-element elementor-element-f7693d1 elementor-section-boxed elementor-section-height-default elementor-section-height-default\" data-id=\"f7693d1\" data-element_type=\"section\">\n\t\t\t\t\t\t<div class=\"elementor-container elementor-column-gap-default\">\n\t\t\t\t\t<div class=\"elementor-column elementor-col-100 elementor-top-column elementor-element elementor-element-11e6833\" data-id=\"11e6833\" data-element_type=\"column\">\n\t\t\t<div class=\"elementor-widget-wrap elementor-element-populated\">\n\t\t\t\t\t\t<div class=\"elementor-element elementor-element-786002a elementor-widget elementor-widget-video\" data-id=\"786002a\" data-element_type=\"widget\" data-settings=\"{&quot;video_type&quot;:&quot;hosted&quot;,&quot;autoplay&quot;:&quot;yes&quot;,&quot;play_on_mobile&quot;:&quot;yes&quot;,&quot;loop&quot;:&quot;yes&quot;,&quot;controls&quot;:&quot;yes&quot;}\" data-widget_type=\"video.default\">\n\t\t\t\t<div class=\"elementor-widget-container\">\n\t\t\t\t\t\t\t<div class=\"e-hosted-video elementor-wrapper elementor-open-inline\">\n\t\t\t\t\t<video class=\"elementor-video\" src=\"https:\/\/pianovertu.com\/wp-content\/uploads\/2023\/03\/A2-video.mp4\" autoplay=\"\" loop=\"\" controls=\"\" playsinline=\"\" controlslist=\"nodownload\"><\/video>\n\t\t\t\t<\/div>\n\t\t\t\t\t\t<\/div>\n\t\t\t\t<\/div>\n\t\t\t\t\t<\/div>\n\t\t<\/div>\n\t\t\t\t\t<\/div>\n\t\t<\/section>\n\t\t\t\t<section class=\"elementor-section elementor-top-section elementor-element elementor-element-7cbe096 elementor-section-boxed elementor-section-height-default elementor-section-height-default\" data-id=\"7cbe096\" data-element_type=\"section\">\n\t\t\t\t\t\t<div class=\"elementor-container elementor-column-gap-default\">\n\t\t\t\t\t<div class=\"elementor-column elementor-col-100 elementor-top-column elementor-element elementor-element-b10f224\" data-id=\"b10f224\" data-element_type=\"column\">\n\t\t\t<div class=\"elementor-widget-wrap elementor-element-populated\">\n\t\t\t\t\t\t<div class=\"elementor-element elementor-element-ffb7f32 elementor-widget elementor-widget-image\" data-id=\"ffb7f32\" data-element_type=\"widget\" data-widget_type=\"image.default\">\n\t\t\t\t<div class=\"elementor-widget-container\">\n\t\t\t\t\t\t\t\t\t\t\t\t\t\t\t<img decoding=\"async\" width=\"1024\" height=\"633\" src=\"https:\/\/pianovertu.com\/wp-content\/uploads\/2023\/03\/A6-1024x633.png\" class=\"attachment-large size-large wp-image-9642\" alt=\"\" srcset=\"https:\/\/pianovertu.com\/wp-content\/uploads\/2023\/03\/A6-1024x633.png 1024w, https:\/\/pianovertu.com\/wp-content\/uploads\/2023\/03\/A6-300x185.png 300w, https:\/\/pianovertu.com\/wp-content\/uploads\/2023\/03\/A6-768x475.png 768w, https:\/\/pianovertu.com\/wp-content\/uploads\/2023\/03\/A6-18x12.png 18w, https:\/\/pianovertu.com\/wp-content\/uploads\/2023\/03\/A6-1300x804.png 1300w, https:\/\/pianovertu.com\/wp-content\/uploads\/2023\/03\/A6.png 1304w\" sizes=\"(max-width: 1024px) 100vw, 1024px\" \/>\t\t\t\t\t\t\t\t\t\t\t\t\t\t\t<\/div>\n\t\t\t\t<\/div>\n\t\t\t\t\t<\/div>\n\t\t<\/div>\n\t\t\t\t\t<\/div>\n\t\t<\/section>\n\t\t\t\t<section class=\"elementor-section elementor-top-section elementor-element elementor-element-3313bc1 elementor-section-full_width elementor-section-height-default elementor-section-height-default\" data-id=\"3313bc1\" data-element_type=\"section\">\n\t\t\t\t\t\t<div class=\"elementor-container elementor-column-gap-default\">\n\t\t\t\t\t<div class=\"elementor-column elementor-col-100 elementor-top-column elementor-element elementor-element-2563b81\" data-id=\"2563b81\" data-element_type=\"column\">\n\t\t\t<div class=\"elementor-widget-wrap elementor-element-populated\">\n\t\t\t\t\t\t<div class=\"elementor-element elementor-element-d261067 elementor-arrows-position-inside elementor-widget elementor-widget-image-carousel\" data-id=\"d261067\" data-element_type=\"widget\" data-settings=\"{&quot;navigation&quot;:&quot;arrows&quot;,&quot;image_spacing_custom&quot;:{&quot;unit&quot;:&quot;px&quot;,&quot;size&quot;:0,&quot;sizes&quot;:[]},&quot;autoplay&quot;:&quot;yes&quot;,&quot;pause_on_hover&quot;:&quot;yes&quot;,&quot;pause_on_interaction&quot;:&quot;yes&quot;,&quot;autoplay_speed&quot;:5000,&quot;infinite&quot;:&quot;yes&quot;,&quot;speed&quot;:500,&quot;image_spacing_custom_tablet&quot;:{&quot;unit&quot;:&quot;px&quot;,&quot;size&quot;:&quot;&quot;,&quot;sizes&quot;:[]},&quot;image_spacing_custom_mobile&quot;:{&quot;unit&quot;:&quot;px&quot;,&quot;size&quot;:&quot;&quot;,&quot;sizes&quot;:[]}}\" data-widget_type=\"image-carousel.default\">\n\t\t\t\t<div class=\"elementor-widget-container\">\n\t\t\t\t\t\t\t<div class=\"elementor-image-carousel-wrapper swiper\" role=\"region\" aria-roledescription=\"carousel\" aria-label=\"\u56fe\u50cf\u8f6e\u64ad\" dir=\"ltr\">\n\t\t\t<div class=\"elementor-image-carousel swiper-wrapper\" aria-live=\"off\">\n\t\t\t\t\t\t\t\t<div class=\"swiper-slide\" role=\"group\" aria-roledescription=\"slide\" aria-label=\"1 \/ 5\"><figure class=\"swiper-slide-inner\"><img decoding=\"async\" class=\"swiper-slide-image\" src=\"https:\/\/pianovertu.com\/wp-content\/uploads\/2023\/09\/Brubeck_galerie_3498_001-300x206.jpeg\" alt=\"Dave Brubeck, un pianiste de jazz am\u00e9ricain influent, compositeur et chef d&#039;orchestre, est surtout connu pour son album r\u00e9volutionnaire &quot;Time Out&quot; et la composition embl\u00e9matique &quot;Take Five&quot;. Son m\u00e9lange innovant de rythmes complexes et d&#039;influences classiques a laiss\u00e9 une empreinte durable dans le monde du jazz.\" \/><figcaption class=\"elementor-image-carousel-caption\">\u6234\u592b-\u5e03\u9c81\u8d1d\u514b\uff08Dave Brubeck\uff09\u662f\u4e00\u4f4d\u6781\u5177\u5f71\u54cd\u529b\u7684\u7f8e\u56fd\u7235\u58eb\u94a2\u7434\u5bb6\u3001\u4f5c\u66f2\u5bb6\u548c\u4e50\u961f\u6307\u6325\uff0c\u4ee5\u5176\u5f00\u521b\u6027\u4e13\u8f91\u300aTime Out\u300b\u548c\u6807\u5fd7\u6027\u4f5c\u54c1\u300aTake Five\u300b\u800c\u95fb\u540d\u4e8e\u4e16\u3002\u4ed6\u5c06\u590d\u6742\u7684\u8282\u594f\u548c\u53e4\u5178\u97f3\u4e50\u7684\u5f71\u54cd\u521b\u65b0\u5730\u878d\u5408\u5728\u4e00\u8d77\uff0c\u5728\u7235\u58eb\u4e50\u754c\u7559\u4e0b\u4e86\u6c38\u6052\u7684\u5370\u8bb0\u3002<\/figcaption><\/figure><\/div><div class=\"swiper-slide\" role=\"group\" aria-roledescription=\"slide\" aria-label=\"2 \/ 5\"><figure class=\"swiper-slide-inner\"><img decoding=\"async\" class=\"swiper-slide-image\" src=\"https:\/\/pianovertu.com\/wp-content\/uploads\/2023\/09\/csm_Martha_Argerich_at_Esplanade_Concert_Hall_in_Singapore_Vorschau_91c5f5089f-300x196.jpeg\" alt=\"Martha Argerich est une c\u00e9l\u00e8bre pianiste argentine reconnue pour sa virtuosit\u00e9 et ses interpr\u00e9tations \u00e9mouvantes des pi\u00e8ces classiques pour piano, ce qui lui a valu une place parmi les plus grands pianistes de sa g\u00e9n\u00e9ration.\" \/><figcaption class=\"elementor-image-carousel-caption\">\u739b\u838e-\u963f\u683c\u91cc\u5947\u662f\u963f\u6839\u5ef7\u8457\u540d\u94a2\u7434\u5bb6\uff0c\u5979\u4ee5\u7cbe\u6e5b\u7684\u6280\u827a\u548c\u5bf9\u53e4\u5178\u94a2\u7434\u66f2\u52a8\u4eba\u7684\u8be0\u91ca\u800c\u95fb\u540d\uff0c\u5e76\u56e0\u6b64\u8dfb\u8eab\u4e8e\u540c\u65f6\u4ee3\u6700\u4f1f\u5927\u7684\u94a2\u7434\u5bb6\u4e4b\u5217\u3002<\/figcaption><\/figure><\/div><div class=\"swiper-slide\" role=\"group\" aria-roledescription=\"slide\" aria-label=\"3 \/ 5\"><figure class=\"swiper-slide-inner\"><img decoding=\"async\" class=\"swiper-slide-image\" src=\"https:\/\/pianovertu.com\/wp-content\/uploads\/2023\/09\/Debussy-mit-Damen-zugeschnitten-300x189.jpeg\" alt=\"&quot;On ne devrait composer de musique de piano que pour les Bechstein.&quot; - Claude Debussy\" \/><figcaption class=\"elementor-image-carousel-caption\">\"\u94a2\u7434\u66f2\u53ea\u5e94\u4e3a\u8d1d\u5e0c\u65af\u5766\u800c\u4f5c\u3002- \u514b\u52b3\u5fb7-\u5fb7\u5f6a\u897f<\/figcaption><\/figure><\/div><div class=\"swiper-slide\" role=\"group\" aria-roledescription=\"slide\" aria-label=\"4 \/ 5\"><figure class=\"swiper-slide-inner\"><img decoding=\"async\" class=\"swiper-slide-image\" src=\"https:\/\/pianovertu.com\/wp-content\/uploads\/2023\/09\/Ellington_galerie-e1695063546125-262x300.jpeg\" alt=\"Duke Ellington, une l\u00e9gende du jazz, \u00e9tait un compositeur r\u00e9volutionnaire et un chef d&#039;orchestre, connu pour sa musique innovante et ses contributions \u00e0 l&#039;int\u00e9gration raciale dans l&#039;industrie du divertissement.\" \/><figcaption class=\"elementor-image-carousel-caption\">\u7235\u58eb\u4e50\u4f20\u5947\u4eba\u7269\u827e\u7075\u987f\u516c\u7235\u662f\u4e00\u4f4d\u9769\u547d\u6027\u7684\u4f5c\u66f2\u5bb6\u548c\u4e50\u961f\u6307\u6325\uff0c\u4ee5\u5176\u521b\u65b0\u7684\u97f3\u4e50\u548c\u5bf9\u5a31\u4e50\u4e1a\u79cd\u65cf\u878d\u5408\u7684\u8d21\u732e\u800c\u95fb\u540d\u3002<\/figcaption><\/figure><\/div><div class=\"swiper-slide\" role=\"group\" aria-roledescription=\"slide\" aria-label=\"5 \/ 5\"><figure class=\"swiper-slide-inner\"><img decoding=\"async\" class=\"swiper-slide-image\" src=\"https:\/\/pianovertu.com\/wp-content\/uploads\/2023\/09\/sergei-rachmaninoff-in-1910s-aged-30-300x272.jpeg\" alt=\"&quot;Par sa noblesse et sa merveilleuse sonorit\u00e9, sa souplesse id\u00e9ale et ses incomparables possibilit\u00e9s, le piano Bechstein de concert m\u2019inspire le plus grand enthousiasme. Avec un tel instrument, un artiste doit \u00eatre capable d\u2019atteindre la plus haute perfection.&quot; - Sergei V. Rachmaninoff\" \/><figcaption class=\"elementor-image-carousel-caption\">\"\u8d1d\u5e0c\u65af\u5766\u97f3\u4e50\u4f1a\u94a2\u7434\u4ee5\u5176\u9ad8\u8d35\u7684\u54c1\u8d28\u3001\u7f8e\u5999\u7684\u97f3\u8272\u3001\u7406\u60f3\u7684\u7075\u6d3b\u6027\u548c\u65e0\u4e0e\u4f26\u6bd4\u7684\u53ef\u80fd\u6027\uff0c\u6fc0\u53d1\u4e86\u6211\u6700\u5927\u7684\u70ed\u60c5\u3002\u6709\u4e86\u8fd9\u6837\u7684\u4e50\u5668\uff0c\u827a\u672f\u5bb6\u5fc5\u987b\u80fd\u591f\u8fbe\u5230\u6700\u5b8c\u7f8e\u7684\u5883\u754c\"\u3002- \u8c22\u5c14\u76d6\u62c9\u8d6b\u739b\u5c3c\u8bfa\u592b<\/figcaption><\/figure><\/div>\t\t\t<\/div>\n\t\t\t\t\t\t\t\t\t\t\t\t<div class=\"elementor-swiper-button elementor-swiper-button-prev\" role=\"button\" tabindex=\"0\">\n\t\t\t\t\t\t<svg aria-hidden=\"true\" class=\"e-font-icon-svg e-eicon-chevron-left\" viewbox=\"0 0 1000 1000\" xmlns=\"http:\/\/www.w3.org\/2000\/svg\"><path d=\"M646 125C629 125 613 133 604 142L308 442C296 454 292 471 292 487 292 504 296 521 308 533L604 854C617 867 629 875 646 875 663 875 679 871 692 858 704 846 713 829 713 812 713 796 708 779 692 767L438 487 692 225C700 217 708 204 708 187 708 171 704 154 692 142 675 129 663 125 646 125Z\"><\/path><\/svg>\t\t\t\t\t<\/div>\n\t\t\t\t\t<div class=\"elementor-swiper-button elementor-swiper-button-next\" role=\"button\" tabindex=\"0\">\n\t\t\t\t\t\t<svg aria-hidden=\"true\" class=\"e-font-icon-svg e-eicon-chevron-right\" viewbox=\"0 0 1000 1000\" xmlns=\"http:\/\/www.w3.org\/2000\/svg\"><path d=\"M696 533C708 521 713 504 713 487 713 471 708 454 696 446L400 146C388 133 375 125 354 125 338 125 325 129 313 142 300 154 292 171 292 187 292 204 296 221 308 233L563 492 304 771C292 783 288 800 288 817 288 833 296 850 308 863 321 871 338 875 354 875 371 875 388 867 400 854L696 533Z\"><\/path><\/svg>\t\t\t\t\t<\/div>\n\t\t\t\t\n\t\t\t\t\t\t\t\t\t<\/div>\n\t\t\t\t\t\t<\/div>\n\t\t\t\t<\/div>\n\t\t\t\t\t<\/div>\n\t\t<\/div>\n\t\t\t\t\t<\/div>\n\t\t<\/section>\n\t\t\t\t<\/div>","protected":false},"excerpt":{"rendered":"<p>C. Bechstein Academy\uff08\u8d1d\u5e0c\u65af\u5766\u5b66\u9662\uff09\u5bb6\u65cf\u7684\u5168\u80fd\u9009\u624b\u3002\u8d1d\u5e0c\u65af\u5766\u5b66\u9662\u5bb6\u65cf\u7684\u5168\u80fd\u9009\u624b\u3002<\/p>\n<p><a href=\"https:\/\/www.bechstein.com\/fileadmin\/user_upload\/Bechstein\/02_Fluegel_Klaviere\/09_Kataloge_Preislisten\/02_Bechstein\/C._Bechstein_Academy_2023_E.pdf\">\u76ee\u5f55<\/a><\/p>","protected":false},"featured_media":4382,"template":"","meta":{"_acf_changed":false,"inline_featured_image":false},"product_brand":[],"product_cat":[54,77],"product_tag":[128,53],"class_list":{"0":"post-4381","1":"product","2":"type-product","3":"status-publish","4":"has-post-thumbnail","6":"product_cat-cbechstein","7":"product_cat-c-bechstein-academy","8":"product_tag-best-seller","9":"product_tag-droit","10":"product_shipping_class-non-shippable-hq","12":"first","13":"instock","14":"taxable","15":"shipping-taxable","16":"product-type-simple"},"acf":[],"yoast_head":"<!-- This site is optimized with the Yoast SEO plugin v25.7 - https:\/\/yoast.com\/wordpress\/plugins\/seo\/ -->\n<title>C. Bechstein Academy | A6 - Piano Vertu<\/title>\n<meta name=\"robots\" content=\"index, follow, max-snippet:-1, max-image-preview:large, max-video-preview:-1\" \/>\n<link rel=\"canonical\" href=\"https:\/\/pianovertu.com\/cn\/product\/academy-a-6\/\" \/>\n<meta property=\"og:locale\" content=\"zh_CN\" \/>\n<meta property=\"og:type\" content=\"article\" \/>\n<meta property=\"og:title\" content=\"C. Bechstein Academy | A6 - Piano Vertu\" \/>\n<meta property=\"og:description\" content=\"Le polyvalent de la famille C. Bechstein Academy.  catalogue\" \/>\n<meta property=\"og:url\" content=\"https:\/\/pianovertu.com\/cn\/product\/academy-a-6\/\" \/>\n<meta property=\"og:site_name\" content=\"Piano Vertu\" \/>\n<meta property=\"article:publisher\" content=\"https:\/\/www.facebook.com\/PianoVertu\" \/>\n<meta property=\"article:modified_time\" content=\"2023-09-20T21:41:46+00:00\" \/>\n<meta property=\"og:image\" content=\"https:\/\/pianovertu.com\/wp-content\/uploads\/2023\/03\/A6-1.webp\" \/>\n\t<meta property=\"og:image:width\" content=\"1313\" \/>\n\t<meta property=\"og:image:height\" content=\"1229\" \/>\n\t<meta property=\"og:image:type\" content=\"image\/webp\" \/>\n<meta name=\"twitter:card\" content=\"summary_large_image\" \/>\n<script type=\"application\/ld+json\" class=\"yoast-schema-graph\">{\"@context\":\"https:\/\/schema.org\",\"@graph\":[{\"@type\":\"WebPage\",\"@id\":\"https:\/\/pianovertu.com\/product\/academy-a-6\/\",\"url\":\"https:\/\/pianovertu.com\/product\/academy-a-6\/\",\"name\":\"C. Bechstein Academy | A6 - Piano Vertu\",\"isPartOf\":{\"@id\":\"https:\/\/pianovertu.com\/#website\"},\"primaryImageOfPage\":{\"@id\":\"https:\/\/pianovertu.com\/product\/academy-a-6\/#primaryimage\"},\"image\":{\"@id\":\"https:\/\/pianovertu.com\/product\/academy-a-6\/#primaryimage\"},\"thumbnailUrl\":\"https:\/\/pianovertu.com\/wp-content\/uploads\/2023\/03\/A6-1.webp\",\"datePublished\":\"2023-03-24T22:36:40+00:00\",\"dateModified\":\"2023-09-20T21:41:46+00:00\",\"breadcrumb\":{\"@id\":\"https:\/\/pianovertu.com\/product\/academy-a-6\/#breadcrumb\"},\"inLanguage\":\"zh-Hans\",\"potentialAction\":[{\"@type\":\"ReadAction\",\"target\":[\"https:\/\/pianovertu.com\/product\/academy-a-6\/\"]}]},{\"@type\":\"ImageObject\",\"inLanguage\":\"zh-Hans\",\"@id\":\"https:\/\/pianovertu.com\/product\/academy-a-6\/#primaryimage\",\"url\":\"https:\/\/pianovertu.com\/wp-content\/uploads\/2023\/03\/A6-1.webp\",\"contentUrl\":\"https:\/\/pianovertu.com\/wp-content\/uploads\/2023\/03\/A6-1.webp\",\"width\":1313,\"height\":1229,\"caption\":\"Piano droit C. Bechstein A6 chez Piano Vertu\"},{\"@type\":\"BreadcrumbList\",\"@id\":\"https:\/\/pianovertu.com\/product\/academy-a-6\/#breadcrumb\",\"itemListElement\":[{\"@type\":\"ListItem\",\"position\":1,\"name\":\"Home\",\"item\":\"https:\/\/pianovertu.com\/\"},{\"@type\":\"ListItem\",\"position\":2,\"name\":\"Boutique\",\"item\":\"https:\/\/pianovertu.com\/shop\/\"},{\"@type\":\"ListItem\",\"position\":3,\"name\":\"C. Bechstein Academy | A6\"}]},{\"@type\":\"WebSite\",\"@id\":\"https:\/\/pianovertu.com\/#website\",\"url\":\"https:\/\/pianovertu.com\/\",\"name\":\"Piano Vertu\",\"description\":\"#1 Magasin de pianos \u00e0 Montr\u00e9al, Canada &amp; \u00c9cole de musique - D\u00e9couvrez la meilleure s\u00e9lection de pianos !\",\"publisher\":{\"@id\":\"https:\/\/pianovertu.com\/#organization\"},\"potentialAction\":[{\"@type\":\"SearchAction\",\"target\":{\"@type\":\"EntryPoint\",\"urlTemplate\":\"https:\/\/pianovertu.com\/?s={search_term_string}\"},\"query-input\":{\"@type\":\"PropertyValueSpecification\",\"valueRequired\":true,\"valueName\":\"search_term_string\"}}],\"inLanguage\":\"zh-Hans\"},{\"@type\":\"Organization\",\"@id\":\"https:\/\/pianovertu.com\/#organization\",\"name\":\"Piano Vertu\",\"url\":\"https:\/\/pianovertu.com\/\",\"logo\":{\"@type\":\"ImageObject\",\"inLanguage\":\"zh-Hans\",\"@id\":\"https:\/\/pianovertu.com\/#\/schema\/logo\/image\/\",\"url\":\"https:\/\/pianovertu.com\/wp-content\/uploads\/2023\/07\/piano-vertu-logo.jpg\",\"contentUrl\":\"https:\/\/pianovertu.com\/wp-content\/uploads\/2023\/07\/piano-vertu-logo.jpg\",\"width\":1290,\"height\":1014,\"caption\":\"Piano Vertu\"},\"image\":{\"@id\":\"https:\/\/pianovertu.com\/#\/schema\/logo\/image\/\"},\"sameAs\":[\"https:\/\/www.facebook.com\/PianoVertu\",\"https:\/\/www.instagram.com\/pianovertu\/\",\"https:\/\/www.youtube.com\/channel\/UCq4Y3ZBmf_5sh0H_lRLPpAg\"]}]}<\/script>\n<!-- \/ Yoast SEO plugin. -->","yoast_head_json":{"title":"C. Bechstein Academy | A6 - Piano Vertu","robots":{"index":"index","follow":"follow","max-snippet":"max-snippet:-1","max-image-preview":"max-image-preview:large","max-video-preview":"max-video-preview:-1"},"canonical":"https:\/\/pianovertu.com\/cn\/product\/academy-a-6\/","og_locale":"zh_CN","og_type":"article","og_title":"C. Bechstein Academy | A6 - Piano Vertu","og_description":"Le polyvalent de la famille C. Bechstein Academy.  catalogue","og_url":"https:\/\/pianovertu.com\/cn\/product\/academy-a-6\/","og_site_name":"Piano Vertu","article_publisher":"https:\/\/www.facebook.com\/PianoVertu","article_modified_time":"2023-09-20T21:41:46+00:00","og_image":[{"width":1313,"height":1229,"url":"https:\/\/pianovertu.com\/wp-content\/uploads\/2023\/03\/A6-1.webp","type":"image\/webp"}],"twitter_card":"summary_large_image","schema":{"@context":"https:\/\/schema.org","@graph":[{"@type":"WebPage","@id":"https:\/\/pianovertu.com\/product\/academy-a-6\/","url":"https:\/\/pianovertu.com\/product\/academy-a-6\/","name":"C. Bechstein Academy | A6 - Piano Vertu","isPartOf":{"@id":"https:\/\/pianovertu.com\/#website"},"primaryImageOfPage":{"@id":"https:\/\/pianovertu.com\/product\/academy-a-6\/#primaryimage"},"image":{"@id":"https:\/\/pianovertu.com\/product\/academy-a-6\/#primaryimage"},"thumbnailUrl":"https:\/\/pianovertu.com\/wp-content\/uploads\/2023\/03\/A6-1.webp","datePublished":"2023-03-24T22:36:40+00:00","dateModified":"2023-09-20T21:41:46+00:00","breadcrumb":{"@id":"https:\/\/pianovertu.com\/product\/academy-a-6\/#breadcrumb"},"inLanguage":"zh-Hans","potentialAction":[{"@type":"ReadAction","target":["https:\/\/pianovertu.com\/product\/academy-a-6\/"]}]},{"@type":"ImageObject","inLanguage":"zh-Hans","@id":"https:\/\/pianovertu.com\/product\/academy-a-6\/#primaryimage","url":"https:\/\/pianovertu.com\/wp-content\/uploads\/2023\/03\/A6-1.webp","contentUrl":"https:\/\/pianovertu.com\/wp-content\/uploads\/2023\/03\/A6-1.webp","width":1313,"height":1229,"caption":"Piano droit C. Bechstein A6 chez Piano Vertu"},{"@type":"BreadcrumbList","@id":"https:\/\/pianovertu.com\/product\/academy-a-6\/#breadcrumb","itemListElement":[{"@type":"ListItem","position":1,"name":"Home","item":"https:\/\/pianovertu.com\/"},{"@type":"ListItem","position":2,"name":"Boutique","item":"https:\/\/pianovertu.com\/shop\/"},{"@type":"ListItem","position":3,"name":"C. Bechstein Academy | A6"}]},{"@type":"WebSite","@id":"https:\/\/pianovertu.com\/#website","url":"https:\/\/pianovertu.com\/","name":"Vertu \u94a2\u7434\u4e2d\u5fc3","description":"#1 \u52a0\u62ff\u5927\u8499\u7279\u5229\u5c14\u94a2\u7434\u4e13\u5356\u5e97\u53ca\u97f3\u4e50\u5b66\u6821 - \u67e5\u770b\u6700\u7cbe\u9009\u7684\u94a2\u7434\uff01","publisher":{"@id":"https:\/\/pianovertu.com\/#organization"},"potentialAction":[{"@type":"SearchAction","target":{"@type":"EntryPoint","urlTemplate":"https:\/\/pianovertu.com\/?s={search_term_string}"},"query-input":{"@type":"PropertyValueSpecification","valueRequired":true,"valueName":"search_term_string"}}],"inLanguage":"zh-Hans"},{"@type":"Organization","@id":"https:\/\/pianovertu.com\/#organization","name":"Vertu \u94a2\u7434\u4e2d\u5fc3","url":"https:\/\/pianovertu.com\/","logo":{"@type":"ImageObject","inLanguage":"zh-Hans","@id":"https:\/\/pianovertu.com\/#\/schema\/logo\/image\/","url":"https:\/\/pianovertu.com\/wp-content\/uploads\/2023\/07\/piano-vertu-logo.jpg","contentUrl":"https:\/\/pianovertu.com\/wp-content\/uploads\/2023\/07\/piano-vertu-logo.jpg","width":1290,"height":1014,"caption":"Piano Vertu"},"image":{"@id":"https:\/\/pianovertu.com\/#\/schema\/logo\/image\/"},"sameAs":["https:\/\/www.facebook.com\/PianoVertu","https:\/\/www.instagram.com\/pianovertu\/","https:\/\/www.youtube.com\/channel\/UCq4Y3ZBmf_5sh0H_lRLPpAg"]}]}},"jetpack_sharing_enabled":true,"_links":{"self":[{"href":"https:\/\/pianovertu.com\/cn\/wp-json\/wp\/v2\/product\/4381","targetHints":{"allow":["GET"]}}],"collection":[{"href":"https:\/\/pianovertu.com\/cn\/wp-json\/wp\/v2\/product"}],"about":[{"href":"https:\/\/pianovertu.com\/cn\/wp-json\/wp\/v2\/types\/product"}],"version-history":[{"count":0,"href":"https:\/\/pianovertu.com\/cn\/wp-json\/wp\/v2\/product\/4381\/revisions"}],"wp:featuredmedia":[{"embeddable":true,"href":"https:\/\/pianovertu.com\/cn\/wp-json\/wp\/v2\/media\/4382"}],"wp:attachment":[{"href":"https:\/\/pianovertu.com\/cn\/wp-json\/wp\/v2\/media?parent=4381"}],"wp:term":[{"taxonomy":"product_brand","embeddable":true,"href":"https:\/\/pianovertu.com\/cn\/wp-json\/wp\/v2\/product_brand?post=4381"},{"taxonomy":"product_cat","embeddable":true,"href":"https:\/\/pianovertu.com\/cn\/wp-json\/wp\/v2\/product_cat?post=4381"},{"taxonomy":"product_tag","embeddable":true,"href":"https:\/\/pianovertu.com\/cn\/wp-json\/wp\/v2\/product_tag?post=4381"}],"curies":[{"name":"wp","href":"https:\/\/api.w.org\/{rel}","templated":true}]}}