{"id":12268,"date":"2023-10-21T11:44:44","date_gmt":"2023-10-21T15:44:44","guid":{"rendered":"https:\/\/pianovertu.com\/?post_type=product&#038;p=12268"},"modified":"2025-05-06T13:34:00","modified_gmt":"2025-05-06T17:34:00","slug":"812-ergo-hydraulic","status":"publish","type":"product","link":"https:\/\/pianovertu.com\/cn\/product\/812-ergo-hydraulic\/","title":{"rendered":"\u610f\u5927\u5229\u5236\u9020\u7684 Ergo \u6db2\u538b\u8bbe\u5907"},"content":{"rendered":"<div data-elementor-type=\"product-post\" data-elementor-id=\"12268\" class=\"elementor elementor-12268\" data-elementor-post-type=\"product\">\n\t\t\t\t\t\t<section class=\"elementor-section elementor-top-section elementor-element elementor-element-84c5f83 elementor-section-boxed elementor-section-height-default elementor-section-height-default\" data-id=\"84c5f83\" data-element_type=\"section\">\n\t\t\t\t\t\t<div class=\"elementor-container elementor-column-gap-default\">\n\t\t\t\t\t<div class=\"elementor-column elementor-col-100 elementor-top-column elementor-element elementor-element-4a59db9\" data-id=\"4a59db9\" data-element_type=\"column\">\n\t\t\t<div class=\"elementor-widget-wrap elementor-element-populated\">\n\t\t\t\t\t\t<div class=\"elementor-element elementor-element-c5ea5b5 elementor-widget elementor-widget-text-editor\" data-id=\"c5ea5b5\" data-element_type=\"widget\" data-widget_type=\"text-editor.default\">\n\t\t\t\t<div class=\"elementor-widget-container\">\n\t\t\t\t\t\t\t\t\t<p>\u8fd9\u6b3e\u91d1\u5c5e\u957f\u51f3\u91c7\u7528\u9ad8\u5149\u9ed1\u8272\u6f06\u9762\u6728\u8d28\u8f6f\u57ab\uff0c\u914d\u6709\u72ec\u7279\u7684\u8f6f\u57ab\u5ea7\u6905\uff0c\u5e76\u914d\u6709\u6c14\u52a8\u9ad8\u5ea6\u8c03\u8282\u88c5\u7f6e\u3002\u5177\u4f53\u7ec6\u8282\u5982\u4e0b\uff1a<\/p><ul><li>\u6750\u6599\uff1a\u9ed1\u8272\u4eae\u6f06\u6728\u8d28\u91d1\u5c5e\u6846\u67b6\u3002<\/li><li>\u5ea7\u6905\uff1a\u8f6f\u57ab\u5ea7\u6905\uff0c\u500d\u611f\u8212\u9002\u3002<\/li><li>\u5c3a\u5bf8:<ul><li>\u5bbd\u5ea6\uff08\u957f\uff09\uff1a67 \u5398\u7c73<\/li><li>\u6df1\u5ea6\uff08D\uff09\uff1a40 \u5398\u7c73<\/li><li>\u9ad8\u5ea6\uff08H.\uff09\uff1a\u53ef\u901a\u8fc7\u6c14\u52a8\u88c5\u7f6e\u5728 47 \u5398\u7c73\u81f3 60 \u5398\u7c73\u4e4b\u95f4\u8c03\u8282\u3002<\/li><\/ul><\/li><\/ul>\t\t\t\t\t\t\t\t<\/div>\n\t\t\t\t<\/div>\n\t\t\t\t\t<\/div>\n\t\t<\/div>\n\t\t\t\t\t<\/div>\n\t\t<\/section>\n\t\t\t\t<\/div>","protected":false},"excerpt":{"rendered":"<p>\u8fd9\u6b3e\u957f\u51f3\u5b8c\u5168\u7531\u610f\u5927\u5229\u5236\u9020\uff0c\u662f\u7edd\u5bf9\u8212\u9002\u548c\u6781\u81f4\u63a7\u5236\u7684\u5b8c\u7f8e\u7ed3\u5408\u3002<\/p>","protected":false},"featured_media":12269,"template":"","meta":{"_acf_changed":false,"inline_featured_image":false},"product_brand":[],"product_cat":[117,118,15],"product_tag":[],"class_list":{"0":"post-12268","1":"product","2":"type-product","3":"status-publish","4":"has-post-thumbnail","6":"product_cat-accessoires","7":"product_cat-bancs","8":"product_cat-uncategorized","9":"product_shipping_class-pick-up-only","11":"first","12":"instock","13":"taxable","14":"shipping-taxable","15":"purchasable","16":"product-type-simple"},"acf":[],"yoast_head":"<!-- This site is optimized with the Yoast SEO plugin v25.7 - https:\/\/yoast.com\/wordpress\/plugins\/seo\/ -->\n<title>Ergo Hydraulic Made in Italy - Piano Vertu<\/title>\n<meta name=\"robots\" content=\"index, follow, max-snippet:-1, max-image-preview:large, max-video-preview:-1\" \/>\n<link rel=\"canonical\" href=\"https:\/\/pianovertu.com\/cn\/product\/812-ergo-hydraulic\/\" \/>\n<meta property=\"og:locale\" content=\"zh_CN\" \/>\n<meta property=\"og:type\" content=\"article\" \/>\n<meta property=\"og:title\" content=\"Ergo Hydraulic Made in Italy - Piano Vertu\" \/>\n<meta property=\"og:description\" content=\"Enti\u00e8rement fabriqu\u00e9 en Italie, ce banc combine \u00e0 la perfection le confort absolu et un contr\u00f4le ultime.\" \/>\n<meta property=\"og:url\" content=\"https:\/\/pianovertu.com\/cn\/product\/812-ergo-hydraulic\/\" \/>\n<meta property=\"og:site_name\" content=\"Piano Vertu\" \/>\n<meta property=\"article:publisher\" content=\"https:\/\/www.facebook.com\/PianoVertu\" \/>\n<meta property=\"article:modified_time\" content=\"2025-05-06T17:34:00+00:00\" \/>\n<meta property=\"og:image\" content=\"https:\/\/pianovertu.com\/wp-content\/uploads\/2023\/10\/unnamed.png\" \/>\n\t<meta property=\"og:image:width\" content=\"4032\" \/>\n\t<meta property=\"og:image:height\" content=\"3024\" \/>\n\t<meta property=\"og:image:type\" content=\"image\/png\" \/>\n<meta name=\"twitter:card\" content=\"summary_large_image\" \/>\n<script type=\"application\/ld+json\" class=\"yoast-schema-graph\">{\"@context\":\"https:\/\/schema.org\",\"@graph\":[{\"@type\":\"WebPage\",\"@id\":\"https:\/\/pianovertu.com\/product\/812-ergo-hydraulic\/\",\"url\":\"https:\/\/pianovertu.com\/product\/812-ergo-hydraulic\/\",\"name\":\"Ergo Hydraulic Made in Italy - Piano Vertu\",\"isPartOf\":{\"@id\":\"https:\/\/pianovertu.com\/#website\"},\"primaryImageOfPage\":{\"@id\":\"https:\/\/pianovertu.com\/product\/812-ergo-hydraulic\/#primaryimage\"},\"image\":{\"@id\":\"https:\/\/pianovertu.com\/product\/812-ergo-hydraulic\/#primaryimage\"},\"thumbnailUrl\":\"https:\/\/pianovertu.com\/wp-content\/uploads\/2023\/10\/unnamed.png\",\"datePublished\":\"2023-10-21T15:44:44+00:00\",\"dateModified\":\"2025-05-06T17:34:00+00:00\",\"breadcrumb\":{\"@id\":\"https:\/\/pianovertu.com\/product\/812-ergo-hydraulic\/#breadcrumb\"},\"inLanguage\":\"zh-Hans\",\"potentialAction\":[{\"@type\":\"ReadAction\",\"target\":[\"https:\/\/pianovertu.com\/product\/812-ergo-hydraulic\/\"]}]},{\"@type\":\"ImageObject\",\"inLanguage\":\"zh-Hans\",\"@id\":\"https:\/\/pianovertu.com\/product\/812-ergo-hydraulic\/#primaryimage\",\"url\":\"https:\/\/pianovertu.com\/wp-content\/uploads\/2023\/10\/unnamed.png\",\"contentUrl\":\"https:\/\/pianovertu.com\/wp-content\/uploads\/2023\/10\/unnamed.png\",\"width\":4032,\"height\":3024,\"caption\":\"Banc 812 Ergo Hydraulic chez Piano vertu\"},{\"@type\":\"BreadcrumbList\",\"@id\":\"https:\/\/pianovertu.com\/product\/812-ergo-hydraulic\/#breadcrumb\",\"itemListElement\":[{\"@type\":\"ListItem\",\"position\":1,\"name\":\"Home\",\"item\":\"https:\/\/pianovertu.com\/\"},{\"@type\":\"ListItem\",\"position\":2,\"name\":\"Boutique\",\"item\":\"https:\/\/pianovertu.com\/shop\/\"},{\"@type\":\"ListItem\",\"position\":3,\"name\":\"Ergo Hydraulic Made in Italy\"}]},{\"@type\":\"WebSite\",\"@id\":\"https:\/\/pianovertu.com\/#website\",\"url\":\"https:\/\/pianovertu.com\/\",\"name\":\"Piano Vertu\",\"description\":\"#1 Magasin de pianos \u00e0 Montr\u00e9al, Canada &amp; \u00c9cole de musique - D\u00e9couvrez la meilleure s\u00e9lection de pianos !\",\"publisher\":{\"@id\":\"https:\/\/pianovertu.com\/#organization\"},\"potentialAction\":[{\"@type\":\"SearchAction\",\"target\":{\"@type\":\"EntryPoint\",\"urlTemplate\":\"https:\/\/pianovertu.com\/?s={search_term_string}\"},\"query-input\":{\"@type\":\"PropertyValueSpecification\",\"valueRequired\":true,\"valueName\":\"search_term_string\"}}],\"inLanguage\":\"zh-Hans\"},{\"@type\":\"Organization\",\"@id\":\"https:\/\/pianovertu.com\/#organization\",\"name\":\"Piano Vertu\",\"url\":\"https:\/\/pianovertu.com\/\",\"logo\":{\"@type\":\"ImageObject\",\"inLanguage\":\"zh-Hans\",\"@id\":\"https:\/\/pianovertu.com\/#\/schema\/logo\/image\/\",\"url\":\"https:\/\/pianovertu.com\/wp-content\/uploads\/2023\/07\/piano-vertu-logo.jpg\",\"contentUrl\":\"https:\/\/pianovertu.com\/wp-content\/uploads\/2023\/07\/piano-vertu-logo.jpg\",\"width\":1290,\"height\":1014,\"caption\":\"Piano Vertu\"},\"image\":{\"@id\":\"https:\/\/pianovertu.com\/#\/schema\/logo\/image\/\"},\"sameAs\":[\"https:\/\/www.facebook.com\/PianoVertu\",\"https:\/\/www.instagram.com\/pianovertu\/\",\"https:\/\/www.youtube.com\/channel\/UCq4Y3ZBmf_5sh0H_lRLPpAg\"]}]}<\/script>\n<!-- \/ Yoast SEO plugin. -->","yoast_head_json":{"title":"Ergo Hydraulic Made in Italy - Piano Vertu","robots":{"index":"index","follow":"follow","max-snippet":"max-snippet:-1","max-image-preview":"max-image-preview:large","max-video-preview":"max-video-preview:-1"},"canonical":"https:\/\/pianovertu.com\/cn\/product\/812-ergo-hydraulic\/","og_locale":"zh_CN","og_type":"article","og_title":"Ergo Hydraulic Made in Italy - Piano Vertu","og_description":"Enti\u00e8rement fabriqu\u00e9 en Italie, ce banc combine \u00e0 la perfection le confort absolu et un contr\u00f4le ultime.","og_url":"https:\/\/pianovertu.com\/cn\/product\/812-ergo-hydraulic\/","og_site_name":"Piano Vertu","article_publisher":"https:\/\/www.facebook.com\/PianoVertu","article_modified_time":"2025-05-06T17:34:00+00:00","og_image":[{"width":4032,"height":3024,"url":"https:\/\/pianovertu.com\/wp-content\/uploads\/2023\/10\/unnamed.png","type":"image\/png"}],"twitter_card":"summary_large_image","schema":{"@context":"https:\/\/schema.org","@graph":[{"@type":"WebPage","@id":"https:\/\/pianovertu.com\/product\/812-ergo-hydraulic\/","url":"https:\/\/pianovertu.com\/product\/812-ergo-hydraulic\/","name":"Ergo Hydraulic Made in Italy - Piano Vertu","isPartOf":{"@id":"https:\/\/pianovertu.com\/#website"},"primaryImageOfPage":{"@id":"https:\/\/pianovertu.com\/product\/812-ergo-hydraulic\/#primaryimage"},"image":{"@id":"https:\/\/pianovertu.com\/product\/812-ergo-hydraulic\/#primaryimage"},"thumbnailUrl":"https:\/\/pianovertu.com\/wp-content\/uploads\/2023\/10\/unnamed.png","datePublished":"2023-10-21T15:44:44+00:00","dateModified":"2025-05-06T17:34:00+00:00","breadcrumb":{"@id":"https:\/\/pianovertu.com\/product\/812-ergo-hydraulic\/#breadcrumb"},"inLanguage":"zh-Hans","potentialAction":[{"@type":"ReadAction","target":["https:\/\/pianovertu.com\/product\/812-ergo-hydraulic\/"]}]},{"@type":"ImageObject","inLanguage":"zh-Hans","@id":"https:\/\/pianovertu.com\/product\/812-ergo-hydraulic\/#primaryimage","url":"https:\/\/pianovertu.com\/wp-content\/uploads\/2023\/10\/unnamed.png","contentUrl":"https:\/\/pianovertu.com\/wp-content\/uploads\/2023\/10\/unnamed.png","width":4032,"height":3024,"caption":"Banc 812 Ergo Hydraulic chez Piano vertu"},{"@type":"BreadcrumbList","@id":"https:\/\/pianovertu.com\/product\/812-ergo-hydraulic\/#breadcrumb","itemListElement":[{"@type":"ListItem","position":1,"name":"Home","item":"https:\/\/pianovertu.com\/"},{"@type":"ListItem","position":2,"name":"Boutique","item":"https:\/\/pianovertu.com\/shop\/"},{"@type":"ListItem","position":3,"name":"Ergo Hydraulic Made in Italy"}]},{"@type":"WebSite","@id":"https:\/\/pianovertu.com\/#website","url":"https:\/\/pianovertu.com\/","name":"Vertu \u94a2\u7434\u4e2d\u5fc3","description":"#1 \u52a0\u62ff\u5927\u8499\u7279\u5229\u5c14\u94a2\u7434\u4e13\u5356\u5e97\u53ca\u97f3\u4e50\u5b66\u6821 - \u67e5\u770b\u6700\u7cbe\u9009\u7684\u94a2\u7434\uff01","publisher":{"@id":"https:\/\/pianovertu.com\/#organization"},"potentialAction":[{"@type":"SearchAction","target":{"@type":"EntryPoint","urlTemplate":"https:\/\/pianovertu.com\/?s={search_term_string}"},"query-input":{"@type":"PropertyValueSpecification","valueRequired":true,"valueName":"search_term_string"}}],"inLanguage":"zh-Hans"},{"@type":"Organization","@id":"https:\/\/pianovertu.com\/#organization","name":"Vertu \u94a2\u7434\u4e2d\u5fc3","url":"https:\/\/pianovertu.com\/","logo":{"@type":"ImageObject","inLanguage":"zh-Hans","@id":"https:\/\/pianovertu.com\/#\/schema\/logo\/image\/","url":"https:\/\/pianovertu.com\/wp-content\/uploads\/2023\/07\/piano-vertu-logo.jpg","contentUrl":"https:\/\/pianovertu.com\/wp-content\/uploads\/2023\/07\/piano-vertu-logo.jpg","width":1290,"height":1014,"caption":"Piano Vertu"},"image":{"@id":"https:\/\/pianovertu.com\/#\/schema\/logo\/image\/"},"sameAs":["https:\/\/www.facebook.com\/PianoVertu","https:\/\/www.instagram.com\/pianovertu\/","https:\/\/www.youtube.com\/channel\/UCq4Y3ZBmf_5sh0H_lRLPpAg"]}]}},"jetpack_sharing_enabled":true,"_links":{"self":[{"href":"https:\/\/pianovertu.com\/cn\/wp-json\/wp\/v2\/product\/12268","targetHints":{"allow":["GET"]}}],"collection":[{"href":"https:\/\/pianovertu.com\/cn\/wp-json\/wp\/v2\/product"}],"about":[{"href":"https:\/\/pianovertu.com\/cn\/wp-json\/wp\/v2\/types\/product"}],"version-history":[{"count":0,"href":"https:\/\/pianovertu.com\/cn\/wp-json\/wp\/v2\/product\/12268\/revisions"}],"wp:featuredmedia":[{"embeddable":true,"href":"https:\/\/pianovertu.com\/cn\/wp-json\/wp\/v2\/media\/12269"}],"wp:attachment":[{"href":"https:\/\/pianovertu.com\/cn\/wp-json\/wp\/v2\/media?parent=12268"}],"wp:term":[{"taxonomy":"product_brand","embeddable":true,"href":"https:\/\/pianovertu.com\/cn\/wp-json\/wp\/v2\/product_brand?post=12268"},{"taxonomy":"product_cat","embeddable":true,"href":"https:\/\/pianovertu.com\/cn\/wp-json\/wp\/v2\/product_cat?post=12268"},{"taxonomy":"product_tag","embeddable":true,"href":"https:\/\/pianovertu.com\/cn\/wp-json\/wp\/v2\/product_tag?post=12268"}],"curies":[{"name":"wp","href":"https:\/\/api.w.org\/{rel}","templated":true}]}}