{"id":8142,"date":"2023-07-24T12:15:37","date_gmt":"2023-07-24T16:15:37","guid":{"rendered":"https:\/\/pianovertu.com\/?page_id=8142"},"modified":"2023-10-21T12:51:06","modified_gmt":"2023-10-21T16:51:06","slug":"brochure","status":"publish","type":"page","link":"https:\/\/pianovertu.com\/cn\/brochure\/","title":{"rendered":"\u624b\u518c"},"content":{"rendered":"<div data-elementor-type=\"wp-page\" data-elementor-id=\"8142\" class=\"elementor elementor-8142\" data-elementor-post-type=\"page\">\n\t\t\t\t\t\t<section class=\"elementor-section elementor-top-section elementor-element elementor-element-04b2ef2 elementor-section-boxed elementor-section-height-default elementor-section-height-default\" data-id=\"04b2ef2\" data-element_type=\"section\">\n\t\t\t\t\t\t<div class=\"elementor-container elementor-column-gap-default\">\n\t\t\t\t\t<div class=\"elementor-column elementor-col-100 elementor-top-column elementor-element elementor-element-4293f0e\" data-id=\"4293f0e\" data-element_type=\"column\">\n\t\t\t<div class=\"elementor-widget-wrap elementor-element-populated\">\n\t\t\t\t\t\t<div class=\"elementor-element elementor-element-fa763f7 elementor-widget elementor-widget-heading\" data-id=\"fa763f7\" data-element_type=\"widget\" data-widget_type=\"heading.default\">\n\t\t\t\t<div class=\"elementor-widget-container\">\n\t\t\t\t\t<h2 class=\"elementor-heading-title elementor-size-default\">\u5411\u5de6\u6ed1\u52a8<\/h2>\t\t\t\t<\/div>\n\t\t\t\t<\/div>\n\t\t\t\t\t<\/div>\n\t\t<\/div>\n\t\t\t\t\t<\/div>\n\t\t<\/section>\n\t\t\t\t<section class=\"elementor-section elementor-top-section elementor-element elementor-element-ae1a5ee elementor-section-full_width elementor-section-height-min-height elementor-section-stretched elementor-section-height-default elementor-section-items-middle\" data-id=\"ae1a5ee\" data-element_type=\"section\" data-settings=\"{&quot;stretch_section&quot;:&quot;section-stretched&quot;}\">\n\t\t\t\t\t\t<div class=\"elementor-container elementor-column-gap-no\">\n\t\t\t\t\t<div class=\"elementor-column elementor-col-100 elementor-top-column elementor-element elementor-element-6bd9803\" data-id=\"6bd9803\" data-element_type=\"column\">\n\t\t\t<div class=\"elementor-widget-wrap elementor-element-populated\">\n\t\t\t\t\t\t<div class=\"elementor-element elementor-element-5a01ce4 elementor-widget elementor-widget-html\" data-id=\"5a01ce4\" data-element_type=\"widget\" data-widget_type=\"html.default\">\n\t\t\t\t<div class=\"elementor-widget-container\">\n\t\t\t\t\t<iframe style='width:3000px;height:500px' src='https:\/\/online.pubhtml5.com\/vpeq\/nohm\/'  seamless='seamless' scrolling='no' frameborder='0' allowtransparency='true' allowfullscreen='true' ><\/iframe>\t\t\t\t<\/div>\n\t\t\t\t<\/div>\n\t\t\t\t\t<\/div>\n\t\t<\/div>\n\t\t\t\t\t<\/div>\n\t\t<\/section>\n\t\t\t\t<\/div>","protected":false},"excerpt":{"rendered":"<p>\u5411\u5de6\u6ed1\u52a8<\/p>","protected":false},"author":1,"featured_media":0,"parent":0,"menu_order":0,"comment_status":"closed","ping_status":"closed","template":"","meta":{"_acf_changed":false,"inline_featured_image":false,"footnotes":""},"class_list":["post-8142","page","type-page","status-publish","hentry"],"acf":[],"yoast_head":"<!-- This site is optimized with the Yoast SEO plugin v25.7 - https:\/\/yoast.com\/wordpress\/plugins\/seo\/ -->\n<title>Brochure - Piano Vertu<\/title>\n<meta name=\"robots\" content=\"index, follow, max-snippet:-1, max-image-preview:large, max-video-preview:-1\" \/>\n<link rel=\"canonical\" href=\"https:\/\/pianovertu.com\/cn\/brochure\/\" \/>\n<meta property=\"og:locale\" content=\"zh_CN\" \/>\n<meta property=\"og:type\" content=\"article\" \/>\n<meta property=\"og:title\" content=\"Brochure - Piano Vertu\" \/>\n<meta property=\"og:description\" content=\"Glissez vers la gauche\" \/>\n<meta property=\"og:url\" content=\"https:\/\/pianovertu.com\/cn\/brochure\/\" \/>\n<meta property=\"og:site_name\" content=\"Piano Vertu\" \/>\n<meta property=\"article:publisher\" content=\"https:\/\/www.facebook.com\/PianoVertu\" \/>\n<meta property=\"article:modified_time\" content=\"2023-10-21T16:51:06+00:00\" \/>\n<meta property=\"og:image\" content=\"https:\/\/pianovertu.com\/wp-content\/uploads\/2023\/07\/piano-vertu-logo.jpg\" \/>\n\t<meta property=\"og:image:width\" content=\"1290\" \/>\n\t<meta property=\"og:image:height\" content=\"1014\" \/>\n\t<meta property=\"og:image:type\" content=\"image\/jpeg\" \/>\n<meta name=\"twitter:card\" content=\"summary_large_image\" \/>\n<script type=\"application\/ld+json\" class=\"yoast-schema-graph\">{\"@context\":\"https:\/\/schema.org\",\"@graph\":[{\"@type\":\"WebPage\",\"@id\":\"https:\/\/pianovertu.com\/brochure\/\",\"url\":\"https:\/\/pianovertu.com\/brochure\/\",\"name\":\"Brochure - Piano Vertu\",\"isPartOf\":{\"@id\":\"https:\/\/pianovertu.com\/#website\"},\"datePublished\":\"2023-07-24T16:15:37+00:00\",\"dateModified\":\"2023-10-21T16:51:06+00:00\",\"breadcrumb\":{\"@id\":\"https:\/\/pianovertu.com\/brochure\/#breadcrumb\"},\"inLanguage\":\"zh-Hans\",\"potentialAction\":[{\"@type\":\"ReadAction\",\"target\":[\"https:\/\/pianovertu.com\/brochure\/\"]}]},{\"@type\":\"BreadcrumbList\",\"@id\":\"https:\/\/pianovertu.com\/brochure\/#breadcrumb\",\"itemListElement\":[{\"@type\":\"ListItem\",\"position\":1,\"name\":\"Home\",\"item\":\"https:\/\/pianovertu.com\/\"},{\"@type\":\"ListItem\",\"position\":2,\"name\":\"Brochure\"}]},{\"@type\":\"WebSite\",\"@id\":\"https:\/\/pianovertu.com\/#website\",\"url\":\"https:\/\/pianovertu.com\/\",\"name\":\"Piano Vertu\",\"description\":\"#1 Magasin de pianos \u00e0 Montr\u00e9al, Canada &amp; \u00c9cole de musique - D\u00e9couvrez la meilleure s\u00e9lection de pianos !\",\"publisher\":{\"@id\":\"https:\/\/pianovertu.com\/#organization\"},\"potentialAction\":[{\"@type\":\"SearchAction\",\"target\":{\"@type\":\"EntryPoint\",\"urlTemplate\":\"https:\/\/pianovertu.com\/?s={search_term_string}\"},\"query-input\":{\"@type\":\"PropertyValueSpecification\",\"valueRequired\":true,\"valueName\":\"search_term_string\"}}],\"inLanguage\":\"zh-Hans\"},{\"@type\":\"Organization\",\"@id\":\"https:\/\/pianovertu.com\/#organization\",\"name\":\"Piano Vertu\",\"url\":\"https:\/\/pianovertu.com\/\",\"logo\":{\"@type\":\"ImageObject\",\"inLanguage\":\"zh-Hans\",\"@id\":\"https:\/\/pianovertu.com\/#\/schema\/logo\/image\/\",\"url\":\"https:\/\/pianovertu.com\/wp-content\/uploads\/2023\/07\/piano-vertu-logo.jpg\",\"contentUrl\":\"https:\/\/pianovertu.com\/wp-content\/uploads\/2023\/07\/piano-vertu-logo.jpg\",\"width\":1290,\"height\":1014,\"caption\":\"Piano Vertu\"},\"image\":{\"@id\":\"https:\/\/pianovertu.com\/#\/schema\/logo\/image\/\"},\"sameAs\":[\"https:\/\/www.facebook.com\/PianoVertu\",\"https:\/\/www.instagram.com\/pianovertu\/\",\"https:\/\/www.youtube.com\/channel\/UCq4Y3ZBmf_5sh0H_lRLPpAg\"]}]}<\/script>\n<!-- \/ Yoast SEO plugin. -->","yoast_head_json":{"title":"Brochure - Piano Vertu","robots":{"index":"index","follow":"follow","max-snippet":"max-snippet:-1","max-image-preview":"max-image-preview:large","max-video-preview":"max-video-preview:-1"},"canonical":"https:\/\/pianovertu.com\/cn\/brochure\/","og_locale":"zh_CN","og_type":"article","og_title":"Brochure - Piano Vertu","og_description":"Glissez vers la gauche","og_url":"https:\/\/pianovertu.com\/cn\/brochure\/","og_site_name":"Piano Vertu","article_publisher":"https:\/\/www.facebook.com\/PianoVertu","article_modified_time":"2023-10-21T16:51:06+00:00","og_image":[{"width":1290,"height":1014,"url":"https:\/\/pianovertu.com\/wp-content\/uploads\/2023\/07\/piano-vertu-logo.jpg","type":"image\/jpeg"}],"twitter_card":"summary_large_image","schema":{"@context":"https:\/\/schema.org","@graph":[{"@type":"WebPage","@id":"https:\/\/pianovertu.com\/brochure\/","url":"https:\/\/pianovertu.com\/brochure\/","name":"Brochure - Piano Vertu","isPartOf":{"@id":"https:\/\/pianovertu.com\/#website"},"datePublished":"2023-07-24T16:15:37+00:00","dateModified":"2023-10-21T16:51:06+00:00","breadcrumb":{"@id":"https:\/\/pianovertu.com\/brochure\/#breadcrumb"},"inLanguage":"zh-Hans","potentialAction":[{"@type":"ReadAction","target":["https:\/\/pianovertu.com\/brochure\/"]}]},{"@type":"BreadcrumbList","@id":"https:\/\/pianovertu.com\/brochure\/#breadcrumb","itemListElement":[{"@type":"ListItem","position":1,"name":"Home","item":"https:\/\/pianovertu.com\/"},{"@type":"ListItem","position":2,"name":"Brochure"}]},{"@type":"WebSite","@id":"https:\/\/pianovertu.com\/#website","url":"https:\/\/pianovertu.com\/","name":"Vertu \u94a2\u7434\u4e2d\u5fc3","description":"#1 \u52a0\u62ff\u5927\u8499\u7279\u5229\u5c14\u94a2\u7434\u4e13\u5356\u5e97\u53ca\u97f3\u4e50\u5b66\u6821 - \u67e5\u770b\u6700\u7cbe\u9009\u7684\u94a2\u7434\uff01","publisher":{"@id":"https:\/\/pianovertu.com\/#organization"},"potentialAction":[{"@type":"SearchAction","target":{"@type":"EntryPoint","urlTemplate":"https:\/\/pianovertu.com\/?s={search_term_string}"},"query-input":{"@type":"PropertyValueSpecification","valueRequired":true,"valueName":"search_term_string"}}],"inLanguage":"zh-Hans"},{"@type":"Organization","@id":"https:\/\/pianovertu.com\/#organization","name":"Vertu \u94a2\u7434\u4e2d\u5fc3","url":"https:\/\/pianovertu.com\/","logo":{"@type":"ImageObject","inLanguage":"zh-Hans","@id":"https:\/\/pianovertu.com\/#\/schema\/logo\/image\/","url":"https:\/\/pianovertu.com\/wp-content\/uploads\/2023\/07\/piano-vertu-logo.jpg","contentUrl":"https:\/\/pianovertu.com\/wp-content\/uploads\/2023\/07\/piano-vertu-logo.jpg","width":1290,"height":1014,"caption":"Piano Vertu"},"image":{"@id":"https:\/\/pianovertu.com\/#\/schema\/logo\/image\/"},"sameAs":["https:\/\/www.facebook.com\/PianoVertu","https:\/\/www.instagram.com\/pianovertu\/","https:\/\/www.youtube.com\/channel\/UCq4Y3ZBmf_5sh0H_lRLPpAg"]}]}},"jetpack_sharing_enabled":true,"_links":{"self":[{"href":"https:\/\/pianovertu.com\/cn\/wp-json\/wp\/v2\/pages\/8142","targetHints":{"allow":["GET"]}}],"collection":[{"href":"https:\/\/pianovertu.com\/cn\/wp-json\/wp\/v2\/pages"}],"about":[{"href":"https:\/\/pianovertu.com\/cn\/wp-json\/wp\/v2\/types\/page"}],"author":[{"embeddable":true,"href":"https:\/\/pianovertu.com\/cn\/wp-json\/wp\/v2\/users\/1"}],"replies":[{"embeddable":true,"href":"https:\/\/pianovertu.com\/cn\/wp-json\/wp\/v2\/comments?post=8142"}],"version-history":[{"count":0,"href":"https:\/\/pianovertu.com\/cn\/wp-json\/wp\/v2\/pages\/8142\/revisions"}],"wp:attachment":[{"href":"https:\/\/pianovertu.com\/cn\/wp-json\/wp\/v2\/media?parent=8142"}],"curies":[{"name":"wp","href":"https:\/\/api.w.org\/{rel}","templated":true}]}}