{"id":17169,"date":"2025-12-20T13:58:18","date_gmt":"2025-12-20T17:58:18","guid":{"rendered":"https:\/\/pianovertu.com\/?page_id=17169"},"modified":"2025-12-20T14:01:33","modified_gmt":"2025-12-20T18:01:33","slug":"concerts-des-fetes-2025","status":"publish","type":"page","link":"https:\/\/pianovertu.com\/cn\/concerts-des-fetes-2025\/","title":{"rendered":"\u8282\u65e5\u97f3\u4e50\u4f1a 2025"},"content":{"rendered":"<div data-elementor-type=\"wp-page\" data-elementor-id=\"17169\" class=\"elementor elementor-17169\" data-elementor-post-type=\"page\">\n\t\t\t\t\t\t<section class=\"elementor-section elementor-top-section elementor-element elementor-element-0547cf6 elementor-section-boxed elementor-section-height-default elementor-section-height-default\" data-id=\"0547cf6\" data-element_type=\"section\">\n\t\t\t\t\t\t<div class=\"elementor-container elementor-column-gap-default\">\n\t\t\t\t\t<div class=\"elementor-column elementor-col-100 elementor-top-column elementor-element elementor-element-2b0e011\" data-id=\"2b0e011\" data-element_type=\"column\">\n\t\t\t<div class=\"elementor-widget-wrap elementor-element-populated\">\n\t\t\t\t\t\t<div class=\"elementor-element elementor-element-dd84ce1 elementor-widget elementor-widget-image\" data-id=\"dd84ce1\" data-element_type=\"widget\" data-widget_type=\"image.default\">\n\t\t\t\t<div class=\"elementor-widget-container\">\n\t\t\t\t\t\t\t\t\t\t\t\t\t\t\t<img fetchpriority=\"high\" decoding=\"async\" width=\"791\" height=\"1024\" src=\"https:\/\/pianovertu.com\/wp-content\/uploads\/2025\/12\/Christmas-Concert-Program-2025-FINAL-VERSIONpdf_page-0001-791x1024.jpg\" class=\"attachment-large size-large wp-image-17163\" alt=\"\" srcset=\"https:\/\/pianovertu.com\/wp-content\/uploads\/2025\/12\/Christmas-Concert-Program-2025-FINAL-VERSIONpdf_page-0001-791x1024.jpg 791w, https:\/\/pianovertu.com\/wp-content\/uploads\/2025\/12\/Christmas-Concert-Program-2025-FINAL-VERSIONpdf_page-0001-232x300.jpg 232w, https:\/\/pianovertu.com\/wp-content\/uploads\/2025\/12\/Christmas-Concert-Program-2025-FINAL-VERSIONpdf_page-0001-768x994.jpg 768w, https:\/\/pianovertu.com\/wp-content\/uploads\/2025\/12\/Christmas-Concert-Program-2025-FINAL-VERSIONpdf_page-0001-1187x1536.jpg 1187w, https:\/\/pianovertu.com\/wp-content\/uploads\/2025\/12\/Christmas-Concert-Program-2025-FINAL-VERSIONpdf_page-0001-9x12.jpg 9w, https:\/\/pianovertu.com\/wp-content\/uploads\/2025\/12\/Christmas-Concert-Program-2025-FINAL-VERSIONpdf_page-0001.jpg 1275w\" sizes=\"(max-width: 791px) 100vw, 791px\" \/>\t\t\t\t\t\t\t\t\t\t\t\t\t\t\t<\/div>\n\t\t\t\t<\/div>\n\t\t\t\t\t<\/div>\n\t\t<\/div>\n\t\t\t\t\t<\/div>\n\t\t<\/section>\n\t\t\t\t<section class=\"elementor-section elementor-top-section elementor-element elementor-element-06fd273 elementor-section-boxed elementor-section-height-default elementor-section-height-default\" data-id=\"06fd273\" data-element_type=\"section\">\n\t\t\t\t\t\t<div class=\"elementor-container elementor-column-gap-default\">\n\t\t\t\t\t<div class=\"elementor-column elementor-col-100 elementor-top-column elementor-element elementor-element-fa491bc\" data-id=\"fa491bc\" data-element_type=\"column\">\n\t\t\t<div class=\"elementor-widget-wrap elementor-element-populated\">\n\t\t\t\t\t\t<div class=\"elementor-element elementor-element-dfe5d51 elementor-widget elementor-widget-image\" data-id=\"dfe5d51\" data-element_type=\"widget\" data-widget_type=\"image.default\">\n\t\t\t\t<div class=\"elementor-widget-container\">\n\t\t\t\t\t\t\t\t\t\t\t\t\t\t\t<img decoding=\"async\" width=\"791\" height=\"1024\" src=\"https:\/\/pianovertu.com\/wp-content\/uploads\/2025\/12\/Christmas-Concert-Program-2025-FINAL-VERSIONpdf_page-0002-791x1024.jpg\" class=\"attachment-large size-large wp-image-17164\" alt=\"\" srcset=\"https:\/\/pianovertu.com\/wp-content\/uploads\/2025\/12\/Christmas-Concert-Program-2025-FINAL-VERSIONpdf_page-0002-791x1024.jpg 791w, https:\/\/pianovertu.com\/wp-content\/uploads\/2025\/12\/Christmas-Concert-Program-2025-FINAL-VERSIONpdf_page-0002-232x300.jpg 232w, https:\/\/pianovertu.com\/wp-content\/uploads\/2025\/12\/Christmas-Concert-Program-2025-FINAL-VERSIONpdf_page-0002-768x994.jpg 768w, https:\/\/pianovertu.com\/wp-content\/uploads\/2025\/12\/Christmas-Concert-Program-2025-FINAL-VERSIONpdf_page-0002-1187x1536.jpg 1187w, https:\/\/pianovertu.com\/wp-content\/uploads\/2025\/12\/Christmas-Concert-Program-2025-FINAL-VERSIONpdf_page-0002-9x12.jpg 9w, https:\/\/pianovertu.com\/wp-content\/uploads\/2025\/12\/Christmas-Concert-Program-2025-FINAL-VERSIONpdf_page-0002.jpg 1275w\" sizes=\"(max-width: 791px) 100vw, 791px\" \/>\t\t\t\t\t\t\t\t\t\t\t\t\t\t\t<\/div>\n\t\t\t\t<\/div>\n\t\t\t\t\t<\/div>\n\t\t<\/div>\n\t\t\t\t\t<\/div>\n\t\t<\/section>\n\t\t\t\t<section class=\"elementor-section elementor-top-section elementor-element elementor-element-0c40fe4 elementor-section-boxed elementor-section-height-default elementor-section-height-default\" data-id=\"0c40fe4\" data-element_type=\"section\">\n\t\t\t\t\t\t<div class=\"elementor-container elementor-column-gap-default\">\n\t\t\t\t\t<div class=\"elementor-column elementor-col-100 elementor-top-column elementor-element elementor-element-315a5e4\" data-id=\"315a5e4\" data-element_type=\"column\">\n\t\t\t<div class=\"elementor-widget-wrap elementor-element-populated\">\n\t\t\t\t\t\t<div class=\"elementor-element elementor-element-7a01bc2 elementor-widget elementor-widget-image\" data-id=\"7a01bc2\" data-element_type=\"widget\" data-widget_type=\"image.default\">\n\t\t\t\t<div class=\"elementor-widget-container\">\n\t\t\t\t\t\t\t\t\t\t\t\t\t\t\t<img decoding=\"async\" width=\"791\" height=\"1024\" src=\"https:\/\/pianovertu.com\/wp-content\/uploads\/2025\/12\/Christmas-Concert-Program-2025-FINAL-VERSIONpdf_page-0003-791x1024.jpg\" class=\"attachment-large size-large wp-image-17165\" alt=\"\" srcset=\"https:\/\/pianovertu.com\/wp-content\/uploads\/2025\/12\/Christmas-Concert-Program-2025-FINAL-VERSIONpdf_page-0003-791x1024.jpg 791w, https:\/\/pianovertu.com\/wp-content\/uploads\/2025\/12\/Christmas-Concert-Program-2025-FINAL-VERSIONpdf_page-0003-232x300.jpg 232w, https:\/\/pianovertu.com\/wp-content\/uploads\/2025\/12\/Christmas-Concert-Program-2025-FINAL-VERSIONpdf_page-0003-768x994.jpg 768w, https:\/\/pianovertu.com\/wp-content\/uploads\/2025\/12\/Christmas-Concert-Program-2025-FINAL-VERSIONpdf_page-0003-1187x1536.jpg 1187w, https:\/\/pianovertu.com\/wp-content\/uploads\/2025\/12\/Christmas-Concert-Program-2025-FINAL-VERSIONpdf_page-0003-9x12.jpg 9w, https:\/\/pianovertu.com\/wp-content\/uploads\/2025\/12\/Christmas-Concert-Program-2025-FINAL-VERSIONpdf_page-0003.jpg 1275w\" sizes=\"(max-width: 791px) 100vw, 791px\" \/>\t\t\t\t\t\t\t\t\t\t\t\t\t\t\t<\/div>\n\t\t\t\t<\/div>\n\t\t\t\t\t<\/div>\n\t\t<\/div>\n\t\t\t\t\t<\/div>\n\t\t<\/section>\n\t\t\t\t<section class=\"elementor-section elementor-top-section elementor-element elementor-element-3ff5982 elementor-section-boxed elementor-section-height-default elementor-section-height-default\" data-id=\"3ff5982\" data-element_type=\"section\">\n\t\t\t\t\t\t<div class=\"elementor-container elementor-column-gap-default\">\n\t\t\t\t\t<div class=\"elementor-column elementor-col-100 elementor-top-column elementor-element elementor-element-d88b0c4\" data-id=\"d88b0c4\" data-element_type=\"column\">\n\t\t\t<div class=\"elementor-widget-wrap elementor-element-populated\">\n\t\t\t\t\t\t<div class=\"elementor-element elementor-element-bfddb55 elementor-widget elementor-widget-image\" data-id=\"bfddb55\" data-element_type=\"widget\" data-widget_type=\"image.default\">\n\t\t\t\t<div class=\"elementor-widget-container\">\n\t\t\t\t\t\t\t\t\t\t\t\t\t\t\t<img loading=\"lazy\" decoding=\"async\" width=\"791\" height=\"1024\" src=\"https:\/\/pianovertu.com\/wp-content\/uploads\/2025\/12\/Christmas-Concert-Program-2025-FINAL-VERSIONpdf_page-0004-791x1024.jpg\" class=\"attachment-large size-large wp-image-17166\" alt=\"\" srcset=\"https:\/\/pianovertu.com\/wp-content\/uploads\/2025\/12\/Christmas-Concert-Program-2025-FINAL-VERSIONpdf_page-0004-791x1024.jpg 791w, https:\/\/pianovertu.com\/wp-content\/uploads\/2025\/12\/Christmas-Concert-Program-2025-FINAL-VERSIONpdf_page-0004-232x300.jpg 232w, https:\/\/pianovertu.com\/wp-content\/uploads\/2025\/12\/Christmas-Concert-Program-2025-FINAL-VERSIONpdf_page-0004-768x994.jpg 768w, https:\/\/pianovertu.com\/wp-content\/uploads\/2025\/12\/Christmas-Concert-Program-2025-FINAL-VERSIONpdf_page-0004-1187x1536.jpg 1187w, https:\/\/pianovertu.com\/wp-content\/uploads\/2025\/12\/Christmas-Concert-Program-2025-FINAL-VERSIONpdf_page-0004-9x12.jpg 9w, https:\/\/pianovertu.com\/wp-content\/uploads\/2025\/12\/Christmas-Concert-Program-2025-FINAL-VERSIONpdf_page-0004.jpg 1275w\" sizes=\"(max-width: 791px) 100vw, 791px\" \/>\t\t\t\t\t\t\t\t\t\t\t\t\t\t\t<\/div>\n\t\t\t\t<\/div>\n\t\t\t\t\t<\/div>\n\t\t<\/div>\n\t\t\t\t\t<\/div>\n\t\t<\/section>\n\t\t\t\t<section class=\"elementor-section elementor-top-section elementor-element elementor-element-af6257a elementor-section-boxed elementor-section-height-default elementor-section-height-default\" data-id=\"af6257a\" data-element_type=\"section\">\n\t\t\t\t\t\t<div class=\"elementor-container elementor-column-gap-default\">\n\t\t\t\t\t<div class=\"elementor-column elementor-col-100 elementor-top-column elementor-element elementor-element-ff1d81d\" data-id=\"ff1d81d\" data-element_type=\"column\">\n\t\t\t<div class=\"elementor-widget-wrap elementor-element-populated\">\n\t\t\t\t\t\t<div class=\"elementor-element elementor-element-5b768f7 elementor-widget elementor-widget-image\" data-id=\"5b768f7\" data-element_type=\"widget\" data-widget_type=\"image.default\">\n\t\t\t\t<div class=\"elementor-widget-container\">\n\t\t\t\t\t\t\t\t\t\t\t\t\t\t\t<img loading=\"lazy\" decoding=\"async\" width=\"791\" height=\"1024\" src=\"https:\/\/pianovertu.com\/wp-content\/uploads\/2025\/12\/Christmas-Concert-Program-2025-FINAL-VERSIONpdf_page-0005-791x1024.jpg\" class=\"attachment-large size-large wp-image-17167\" alt=\"\" srcset=\"https:\/\/pianovertu.com\/wp-content\/uploads\/2025\/12\/Christmas-Concert-Program-2025-FINAL-VERSIONpdf_page-0005-791x1024.jpg 791w, https:\/\/pianovertu.com\/wp-content\/uploads\/2025\/12\/Christmas-Concert-Program-2025-FINAL-VERSIONpdf_page-0005-232x300.jpg 232w, https:\/\/pianovertu.com\/wp-content\/uploads\/2025\/12\/Christmas-Concert-Program-2025-FINAL-VERSIONpdf_page-0005-768x994.jpg 768w, https:\/\/pianovertu.com\/wp-content\/uploads\/2025\/12\/Christmas-Concert-Program-2025-FINAL-VERSIONpdf_page-0005-1187x1536.jpg 1187w, https:\/\/pianovertu.com\/wp-content\/uploads\/2025\/12\/Christmas-Concert-Program-2025-FINAL-VERSIONpdf_page-0005-9x12.jpg 9w, https:\/\/pianovertu.com\/wp-content\/uploads\/2025\/12\/Christmas-Concert-Program-2025-FINAL-VERSIONpdf_page-0005.jpg 1275w\" sizes=\"(max-width: 791px) 100vw, 791px\" \/>\t\t\t\t\t\t\t\t\t\t\t\t\t\t\t<\/div>\n\t\t\t\t<\/div>\n\t\t\t\t\t<\/div>\n\t\t<\/div>\n\t\t\t\t\t<\/div>\n\t\t<\/section>\n\t\t\t\t<section class=\"elementor-section elementor-top-section elementor-element elementor-element-ca6dc89 elementor-section-boxed elementor-section-height-default elementor-section-height-default\" data-id=\"ca6dc89\" data-element_type=\"section\">\n\t\t\t\t\t\t<div class=\"elementor-container elementor-column-gap-default\">\n\t\t\t\t\t<div class=\"elementor-column elementor-col-100 elementor-top-column elementor-element elementor-element-bde657c\" data-id=\"bde657c\" data-element_type=\"column\">\n\t\t\t<div class=\"elementor-widget-wrap elementor-element-populated\">\n\t\t\t\t\t\t<div class=\"elementor-element elementor-element-148ba90 elementor-widget elementor-widget-image\" data-id=\"148ba90\" data-element_type=\"widget\" data-widget_type=\"image.default\">\n\t\t\t\t<div class=\"elementor-widget-container\">\n\t\t\t\t\t\t\t\t\t\t\t\t\t\t\t<img loading=\"lazy\" decoding=\"async\" width=\"791\" height=\"1024\" src=\"https:\/\/pianovertu.com\/wp-content\/uploads\/2025\/12\/Christmas-Concert-Program-2025-FINAL-VERSIONpdf_page-0006-791x1024.jpg\" class=\"attachment-large size-large wp-image-17168\" alt=\"\" srcset=\"https:\/\/pianovertu.com\/wp-content\/uploads\/2025\/12\/Christmas-Concert-Program-2025-FINAL-VERSIONpdf_page-0006-791x1024.jpg 791w, https:\/\/pianovertu.com\/wp-content\/uploads\/2025\/12\/Christmas-Concert-Program-2025-FINAL-VERSIONpdf_page-0006-232x300.jpg 232w, https:\/\/pianovertu.com\/wp-content\/uploads\/2025\/12\/Christmas-Concert-Program-2025-FINAL-VERSIONpdf_page-0006-768x994.jpg 768w, https:\/\/pianovertu.com\/wp-content\/uploads\/2025\/12\/Christmas-Concert-Program-2025-FINAL-VERSIONpdf_page-0006-1187x1536.jpg 1187w, https:\/\/pianovertu.com\/wp-content\/uploads\/2025\/12\/Christmas-Concert-Program-2025-FINAL-VERSIONpdf_page-0006-9x12.jpg 9w, https:\/\/pianovertu.com\/wp-content\/uploads\/2025\/12\/Christmas-Concert-Program-2025-FINAL-VERSIONpdf_page-0006.jpg 1275w\" sizes=\"(max-width: 791px) 100vw, 791px\" \/>\t\t\t\t\t\t\t\t\t\t\t\t\t\t\t<\/div>\n\t\t\t\t<\/div>\n\t\t\t\t\t<\/div>\n\t\t<\/div>\n\t\t\t\t\t<\/div>\n\t\t<\/section>\n\t\t\t\t<section class=\"elementor-section elementor-top-section elementor-element elementor-element-53784eb elementor-section-boxed elementor-section-height-default elementor-section-height-default\" data-id=\"53784eb\" data-element_type=\"section\">\n\t\t\t\t\t\t<div class=\"elementor-container elementor-column-gap-default\">\n\t\t\t\t\t<div class=\"elementor-column elementor-col-100 elementor-top-column elementor-element elementor-element-72efce8\" data-id=\"72efce8\" data-element_type=\"column\">\n\t\t\t<div class=\"elementor-widget-wrap elementor-element-populated\">\n\t\t\t\t\t\t\t<\/div>\n\t\t<\/div>\n\t\t\t\t\t<\/div>\n\t\t<\/section>\n\t\t\t\t<\/div>","protected":false},"excerpt":{"rendered":"","protected":false},"author":1,"featured_media":0,"parent":0,"menu_order":0,"comment_status":"closed","ping_status":"closed","template":"","meta":{"_acf_changed":false,"inline_featured_image":false,"footnotes":""},"class_list":["post-17169","page","type-page","status-publish","hentry"],"acf":[],"yoast_head":"<!-- This site is optimized with the Yoast SEO plugin v25.7 - https:\/\/yoast.com\/wordpress\/plugins\/seo\/ -->\n<title>Concerts des F\u00eates 2025 - Piano Vertu<\/title>\n<meta name=\"robots\" content=\"index, follow, max-snippet:-1, max-image-preview:large, max-video-preview:-1\" \/>\n<link rel=\"canonical\" href=\"https:\/\/pianovertu.com\/cn\/concerts-des-fetes-2025\/\" \/>\n<meta property=\"og:locale\" content=\"zh_CN\" \/>\n<meta property=\"og:type\" content=\"article\" \/>\n<meta property=\"og:title\" content=\"Concerts des F\u00eates 2025 - Piano Vertu\" \/>\n<meta property=\"og:url\" content=\"https:\/\/pianovertu.com\/cn\/concerts-des-fetes-2025\/\" \/>\n<meta property=\"og:site_name\" content=\"Piano Vertu\" \/>\n<meta property=\"article:publisher\" content=\"https:\/\/www.facebook.com\/PianoVertu\" \/>\n<meta property=\"article:modified_time\" content=\"2025-12-20T18:01:33+00:00\" \/>\n<meta property=\"og:image\" content=\"https:\/\/pianovertu.com\/wp-content\/uploads\/2025\/12\/Christmas-Concert-Program-2025-FINAL-VERSIONpdf_page-0001.jpg\" \/>\n\t<meta property=\"og:image:width\" content=\"1275\" \/>\n\t<meta property=\"og:image:height\" content=\"1650\" \/>\n\t<meta property=\"og:image:type\" content=\"image\/jpeg\" \/>\n<meta name=\"twitter:card\" content=\"summary_large_image\" \/>\n<script type=\"application\/ld+json\" class=\"yoast-schema-graph\">{\"@context\":\"https:\/\/schema.org\",\"@graph\":[{\"@type\":\"WebPage\",\"@id\":\"https:\/\/pianovertu.com\/concerts-des-fetes-2025\/\",\"url\":\"https:\/\/pianovertu.com\/concerts-des-fetes-2025\/\",\"name\":\"Concerts des F\u00eates 2025 - Piano Vertu\",\"isPartOf\":{\"@id\":\"https:\/\/pianovertu.com\/#website\"},\"primaryImageOfPage\":{\"@id\":\"https:\/\/pianovertu.com\/concerts-des-fetes-2025\/#primaryimage\"},\"image\":{\"@id\":\"https:\/\/pianovertu.com\/concerts-des-fetes-2025\/#primaryimage\"},\"thumbnailUrl\":\"https:\/\/pianovertu.com\/wp-content\/uploads\/2025\/12\/Christmas-Concert-Program-2025-FINAL-VERSIONpdf_page-0001-791x1024.jpg\",\"datePublished\":\"2025-12-20T17:58:18+00:00\",\"dateModified\":\"2025-12-20T18:01:33+00:00\",\"breadcrumb\":{\"@id\":\"https:\/\/pianovertu.com\/concerts-des-fetes-2025\/#breadcrumb\"},\"inLanguage\":\"zh-Hans\",\"potentialAction\":[{\"@type\":\"ReadAction\",\"target\":[\"https:\/\/pianovertu.com\/concerts-des-fetes-2025\/\"]}]},{\"@type\":\"ImageObject\",\"inLanguage\":\"zh-Hans\",\"@id\":\"https:\/\/pianovertu.com\/concerts-des-fetes-2025\/#primaryimage\",\"url\":\"https:\/\/pianovertu.com\/wp-content\/uploads\/2025\/12\/Christmas-Concert-Program-2025-FINAL-VERSIONpdf_page-0001-791x1024.jpg\",\"contentUrl\":\"https:\/\/pianovertu.com\/wp-content\/uploads\/2025\/12\/Christmas-Concert-Program-2025-FINAL-VERSIONpdf_page-0001-791x1024.jpg\"},{\"@type\":\"BreadcrumbList\",\"@id\":\"https:\/\/pianovertu.com\/concerts-des-fetes-2025\/#breadcrumb\",\"itemListElement\":[{\"@type\":\"ListItem\",\"position\":1,\"name\":\"Home\",\"item\":\"https:\/\/pianovertu.com\/\"},{\"@type\":\"ListItem\",\"position\":2,\"name\":\"Concerts des F\u00eates 2025\"}]},{\"@type\":\"WebSite\",\"@id\":\"https:\/\/pianovertu.com\/#website\",\"url\":\"https:\/\/pianovertu.com\/\",\"name\":\"Piano Vertu\",\"description\":\"#1 Magasin de pianos \u00e0 Montr\u00e9al, Canada &amp; \u00c9cole de musique - D\u00e9couvrez la meilleure s\u00e9lection de pianos !\",\"publisher\":{\"@id\":\"https:\/\/pianovertu.com\/#organization\"},\"potentialAction\":[{\"@type\":\"SearchAction\",\"target\":{\"@type\":\"EntryPoint\",\"urlTemplate\":\"https:\/\/pianovertu.com\/?s={search_term_string}\"},\"query-input\":{\"@type\":\"PropertyValueSpecification\",\"valueRequired\":true,\"valueName\":\"search_term_string\"}}],\"inLanguage\":\"zh-Hans\"},{\"@type\":\"Organization\",\"@id\":\"https:\/\/pianovertu.com\/#organization\",\"name\":\"Piano Vertu\",\"url\":\"https:\/\/pianovertu.com\/\",\"logo\":{\"@type\":\"ImageObject\",\"inLanguage\":\"zh-Hans\",\"@id\":\"https:\/\/pianovertu.com\/#\/schema\/logo\/image\/\",\"url\":\"https:\/\/pianovertu.com\/wp-content\/uploads\/2023\/07\/piano-vertu-logo.jpg\",\"contentUrl\":\"https:\/\/pianovertu.com\/wp-content\/uploads\/2023\/07\/piano-vertu-logo.jpg\",\"width\":1290,\"height\":1014,\"caption\":\"Piano Vertu\"},\"image\":{\"@id\":\"https:\/\/pianovertu.com\/#\/schema\/logo\/image\/\"},\"sameAs\":[\"https:\/\/www.facebook.com\/PianoVertu\",\"https:\/\/www.instagram.com\/pianovertu\/\",\"https:\/\/www.youtube.com\/channel\/UCq4Y3ZBmf_5sh0H_lRLPpAg\"]}]}<\/script>\n<!-- \/ Yoast SEO plugin. -->","yoast_head_json":{"title":"Concerts des F\u00eates 2025 - Piano Vertu","robots":{"index":"index","follow":"follow","max-snippet":"max-snippet:-1","max-image-preview":"max-image-preview:large","max-video-preview":"max-video-preview:-1"},"canonical":"https:\/\/pianovertu.com\/cn\/concerts-des-fetes-2025\/","og_locale":"zh_CN","og_type":"article","og_title":"Concerts des F\u00eates 2025 - Piano Vertu","og_url":"https:\/\/pianovertu.com\/cn\/concerts-des-fetes-2025\/","og_site_name":"Piano Vertu","article_publisher":"https:\/\/www.facebook.com\/PianoVertu","article_modified_time":"2025-12-20T18:01:33+00:00","og_image":[{"width":1275,"height":1650,"url":"https:\/\/pianovertu.com\/wp-content\/uploads\/2025\/12\/Christmas-Concert-Program-2025-FINAL-VERSIONpdf_page-0001.jpg","type":"image\/jpeg"}],"twitter_card":"summary_large_image","schema":{"@context":"https:\/\/schema.org","@graph":[{"@type":"WebPage","@id":"https:\/\/pianovertu.com\/concerts-des-fetes-2025\/","url":"https:\/\/pianovertu.com\/concerts-des-fetes-2025\/","name":"Concerts des F\u00eates 2025 - Piano Vertu","isPartOf":{"@id":"https:\/\/pianovertu.com\/#website"},"primaryImageOfPage":{"@id":"https:\/\/pianovertu.com\/concerts-des-fetes-2025\/#primaryimage"},"image":{"@id":"https:\/\/pianovertu.com\/concerts-des-fetes-2025\/#primaryimage"},"thumbnailUrl":"https:\/\/pianovertu.com\/wp-content\/uploads\/2025\/12\/Christmas-Concert-Program-2025-FINAL-VERSIONpdf_page-0001-791x1024.jpg","datePublished":"2025-12-20T17:58:18+00:00","dateModified":"2025-12-20T18:01:33+00:00","breadcrumb":{"@id":"https:\/\/pianovertu.com\/concerts-des-fetes-2025\/#breadcrumb"},"inLanguage":"zh-Hans","potentialAction":[{"@type":"ReadAction","target":["https:\/\/pianovertu.com\/concerts-des-fetes-2025\/"]}]},{"@type":"ImageObject","inLanguage":"zh-Hans","@id":"https:\/\/pianovertu.com\/concerts-des-fetes-2025\/#primaryimage","url":"https:\/\/pianovertu.com\/wp-content\/uploads\/2025\/12\/Christmas-Concert-Program-2025-FINAL-VERSIONpdf_page-0001-791x1024.jpg","contentUrl":"https:\/\/pianovertu.com\/wp-content\/uploads\/2025\/12\/Christmas-Concert-Program-2025-FINAL-VERSIONpdf_page-0001-791x1024.jpg"},{"@type":"BreadcrumbList","@id":"https:\/\/pianovertu.com\/concerts-des-fetes-2025\/#breadcrumb","itemListElement":[{"@type":"ListItem","position":1,"name":"Home","item":"https:\/\/pianovertu.com\/"},{"@type":"ListItem","position":2,"name":"Concerts des F\u00eates 2025"}]},{"@type":"WebSite","@id":"https:\/\/pianovertu.com\/#website","url":"https:\/\/pianovertu.com\/","name":"Vertu \u94a2\u7434\u4e2d\u5fc3","description":"#1 \u52a0\u62ff\u5927\u8499\u7279\u5229\u5c14\u94a2\u7434\u4e13\u5356\u5e97\u53ca\u97f3\u4e50\u5b66\u6821 - \u67e5\u770b\u6700\u7cbe\u9009\u7684\u94a2\u7434\uff01","publisher":{"@id":"https:\/\/pianovertu.com\/#organization"},"potentialAction":[{"@type":"SearchAction","target":{"@type":"EntryPoint","urlTemplate":"https:\/\/pianovertu.com\/?s={search_term_string}"},"query-input":{"@type":"PropertyValueSpecification","valueRequired":true,"valueName":"search_term_string"}}],"inLanguage":"zh-Hans"},{"@type":"Organization","@id":"https:\/\/pianovertu.com\/#organization","name":"Vertu \u94a2\u7434\u4e2d\u5fc3","url":"https:\/\/pianovertu.com\/","logo":{"@type":"ImageObject","inLanguage":"zh-Hans","@id":"https:\/\/pianovertu.com\/#\/schema\/logo\/image\/","url":"https:\/\/pianovertu.com\/wp-content\/uploads\/2023\/07\/piano-vertu-logo.jpg","contentUrl":"https:\/\/pianovertu.com\/wp-content\/uploads\/2023\/07\/piano-vertu-logo.jpg","width":1290,"height":1014,"caption":"Piano Vertu"},"image":{"@id":"https:\/\/pianovertu.com\/#\/schema\/logo\/image\/"},"sameAs":["https:\/\/www.facebook.com\/PianoVertu","https:\/\/www.instagram.com\/pianovertu\/","https:\/\/www.youtube.com\/channel\/UCq4Y3ZBmf_5sh0H_lRLPpAg"]}]}},"jetpack_sharing_enabled":true,"_links":{"self":[{"href":"https:\/\/pianovertu.com\/cn\/wp-json\/wp\/v2\/pages\/17169","targetHints":{"allow":["GET"]}}],"collection":[{"href":"https:\/\/pianovertu.com\/cn\/wp-json\/wp\/v2\/pages"}],"about":[{"href":"https:\/\/pianovertu.com\/cn\/wp-json\/wp\/v2\/types\/page"}],"author":[{"embeddable":true,"href":"https:\/\/pianovertu.com\/cn\/wp-json\/wp\/v2\/users\/1"}],"replies":[{"embeddable":true,"href":"https:\/\/pianovertu.com\/cn\/wp-json\/wp\/v2\/comments?post=17169"}],"version-history":[{"count":0,"href":"https:\/\/pianovertu.com\/cn\/wp-json\/wp\/v2\/pages\/17169\/revisions"}],"wp:attachment":[{"href":"https:\/\/pianovertu.com\/cn\/wp-json\/wp\/v2\/media?parent=17169"}],"curies":[{"name":"wp","href":"https:\/\/api.w.org\/{rel}","templated":true}]}}